{"id":4660,"date":"2017-07-15T15:03:16","date_gmt":"2017-07-15T13:03:16","guid":{"rendered":"http:\/\/www.sippex.com\/about-sippex\/our-customers\/"},"modified":"2017-09-15T16:00:47","modified_gmt":"2017-09-15T14:00:47","slug":"kunden","status":"publish","type":"page","link":"https:\/\/www.sippex.com\/de\/uber-sippex\/kunden\/","title":{"rendered":"Unsere Kunden"},"content":{"rendered":"<div id='full_slider_1'  class='avia-fullwidth-slider main_color avia-shadow   avia-builder-el-0  el_before_av_section  avia-builder-el-first   container_wrap sidebar_right'  ><div  class='avia-slideshow av-av_slideshow_full-32de997090c749a8c82b86d1ff824dd4 avia-slideshow-featured av_slideshow_full avia-slide-slider av-slideshow-ui av-control-default av-slideshow-manual av-loop-once av-loop-manual-endless av-default-height-applied   avia-slideshow-1' data-slideshow-options=\"{&quot;animation&quot;:&quot;slide&quot;,&quot;autoplay&quot;:false,&quot;loop_autoplay&quot;:&quot;once&quot;,&quot;interval&quot;:5,&quot;loop_manual&quot;:&quot;manual-endless&quot;,&quot;autoplay_stopper&quot;:false,&quot;noNavigation&quot;:false,&quot;bg_slider&quot;:false,&quot;keep_padding&quot;:false,&quot;hoverpause&quot;:false,&quot;show_slide_delay&quot;:0}\"  itemprop=\"image\" itemscope=\"itemscope\" itemtype=\"https:\/\/schema.org\/ImageObject\" ><ul class='avia-slideshow-inner ' style='padding-bottom: 28.666666666667%;'><li  class='avia-slideshow-slide av-av_slideshow_full-32de997090c749a8c82b86d1ff824dd4__0  av-single-slide slide-1 slide-odd'><div data-rel='slideshow-1' class='avia-slide-wrap '   ><img fetchpriority=\"high\" class=\"wp-image-4226 avia-img-lazy-loading-not-4226\"  src='https:\/\/www.sippex.com\/wp-content\/uploads\/2017\/07\/usine-sippex_01-1-1500x430.jpg' width='1500' height='430' title='usine-sippex_01' alt=''  itemprop=\"thumbnailUrl\"   \/><\/div><\/li><\/ul><\/div><\/div>\n\n<style type=\"text\/css\" data-created_by=\"avia_inline_auto\" id=\"style-css-av-av_section-1e3b8abf64e379ef55333ec8b61dd6f0\">\n.avia-section.av-av_section-1e3b8abf64e379ef55333ec8b61dd6f0{\nbackground-color:#e5e5e5;\nbackground-image:unset;\n}\n<\/style>\n<div id='av_section_1'  class='avia-section av-av_section-1e3b8abf64e379ef55333ec8b61dd6f0 main_color avia-section-default avia-no-border-styling  avia-builder-el-1  el_after_av_slideshow_full  el_before_av_submenu  avia-bg-style-scroll container_wrap sidebar_right'  ><div class='container av-section-cont-open' ><div class='template-page content  av-content-small alpha units'><div class='post-entry post-entry-type-page post-entry-4660'><div class='entry-content-wrapper clearfix'>\n\n<style type=\"text\/css\" data-created_by=\"avia_inline_auto\" id=\"style-css-av-av_heading-dfa25155dafeb7fd1e4ae52babdbac77\">\n#top .av-special-heading.av-av_heading-dfa25155dafeb7fd1e4ae52babdbac77{\npadding-bottom:10px;\nfont-size:30px;\n}\nbody .av-special-heading.av-av_heading-dfa25155dafeb7fd1e4ae52babdbac77 .av-special-heading-tag .heading-char{\nfont-size:25px;\n}\n#top #wrap_all .av-special-heading.av-av_heading-dfa25155dafeb7fd1e4ae52babdbac77 .av-special-heading-tag{\nfont-size:30px;\n}\n.av-special-heading.av-av_heading-dfa25155dafeb7fd1e4ae52babdbac77 .av-subheading{\nfont-size:15px;\n}\n\n@media only screen and (min-width: 480px) and (max-width: 767px){ \n#top #wrap_all .av-special-heading.av-av_heading-dfa25155dafeb7fd1e4ae52babdbac77 .av-special-heading-tag{\nfont-size:0.8em;\n}\n}\n\n@media only screen and (max-width: 479px){ \n#top #wrap_all .av-special-heading.av-av_heading-dfa25155dafeb7fd1e4ae52babdbac77 .av-special-heading-tag{\nfont-size:0.8em;\n}\n}\n<\/style>\n<div  class='av-special-heading av-av_heading-dfa25155dafeb7fd1e4ae52babdbac77 av-special-heading-h1 blockquote modern-quote modern-centered  avia-builder-el-2  avia-builder-el-no-sibling  av-inherit-size'><h1 class='av-special-heading-tag '  itemprop=\"headline\"  >UNSERE KUNDEN<\/h1><div class=\"special-heading-border\"><div class=\"special-heading-inner-border\"><\/div><\/div><\/div>\n<\/div><\/div><\/div><!-- close content main div --><\/div><\/div><div class='clear'><\/div><div id='sub_menu1'  class='av-submenu-container av-av_submenu-e5c23256f1ed6b061ab7cba4d25fc725 main_color av-switch-768  avia-builder-el-3  el_after_av_section  el_before_av_section  av-sticky-submenu submenu-not-first container_wrap sidebar_right' style='z-index:301' ><div class='container av-menu-mobile-active av-submenu-pos-center'><a href=\"#\" class=\"mobile_menu_toggle\"><span class='avia-svg-icon avia-font-svg_entypo-fontello' data-av_svg_icon='list' data-av_iconset='svg_entypo-fontello'><svg version=\"1.1\" xmlns=\"http:\/\/www.w3.org\/2000\/svg\" width=\"22\" height=\"32\" viewBox=\"0 0 22 32\" preserveAspectRatio=\"xMidYMid meet\" aria-labelledby='av-svg-title-1' aria-describedby='av-svg-desc-1' role=\"graphics-symbol\" aria-hidden=\"true\">\n<title id='av-svg-title-1'>List<\/title>\n<desc id='av-svg-desc-1'>List<\/desc>\n<path d=\"M3.2 20.8q0.64 0 1.12 0.48t0.48 1.12-0.48 1.12-1.12 0.48h-1.6q-0.64 0-1.12-0.48t-0.48-1.12 0.448-1.12 1.152-0.48h1.6zM3.2 14.4q0.64 0 1.12 0.48t0.48 1.12-0.48 1.12-1.12 0.48h-1.6q-0.64 0-1.12-0.48t-0.48-1.12 0.448-1.12 1.152-0.48h1.6zM3.2 8q0.64 0 1.12 0.48t0.48 1.12-0.48 1.12-1.12 0.48h-1.6q-0.64 0-1.12-0.48t-0.48-1.12 0.448-1.12 1.152-0.48h1.6zM9.6 11.2q-0.64 0-1.12-0.48t-0.48-1.12 0.48-1.12 1.12-0.48h11.2q0.704 0 1.152 0.48t0.448 1.12-0.48 1.12-1.12 0.48h-11.2zM20.8 14.4q0.704 0 1.152 0.48t0.448 1.12-0.48 1.12-1.12 0.48h-11.2q-0.64 0-1.12-0.48t-0.48-1.12 0.48-1.12 1.12-0.48h11.2zM20.8 20.8q0.704 0 1.152 0.48t0.448 1.12-0.48 1.12-1.12 0.48h-11.2q-0.64 0-1.12-0.48t-0.48-1.12 0.48-1.12 1.12-0.48h11.2z\"><\/path>\n<\/svg><\/span><span class=\"av-current-placeholder\">Men\u00fc<\/span><\/a><ul id='av-custom-submenu-1' class='av-subnav-menu' role='menu'>\n<li class='menu-item av-av_submenu_item-42ed34b63c30eac0f7d41b7ab174b9d0 menu-item-top-level menu-item-top-level-1' role='menuitem'><a href='https:\/\/www.sippex.com\/de\/uber-sippex\/unternehmen\/'  ><span class='avia-bullet'><\/span><span class='avia-menu-text'>Unser Unternehmen<\/span><\/a><\/li>\n<li class='menu-item av-av_submenu_item-bf298f802129ac77a0871f90405ad423 menu-item-top-level menu-item-top-level-2' role='menuitem'><a href='https:\/\/www.sippex.com\/de\/uber-sippex\/firmengeschichte\/'  ><span class='avia-bullet'><\/span><span class='avia-menu-text'>Unsere Firmengeschichte<\/span><\/a><\/li>\n<li class='menu-item av-av_submenu_item-f41e3ca8f818ce4361f4e0e615e8e971 menu-item-top-level menu-item-top-level-3' role='menuitem'><a href='https:\/\/www.sippex.com\/de\/uber-sippex\/fertigungsanlagen\/'  ><span class='avia-bullet'><\/span><span class='avia-menu-text'>Fertigungsanlagen<\/span><\/a><\/li>\n<li class='menu-item av-av_submenu_item-e6bbd2591a11a56013e32409f6ececa2 menu-item-top-level av-menu-button av-menu-button-bordered menu-item-top-level-4' role='menuitem'><a href='https:\/\/www.sippex.com\/de\/uber-sippex\/kunden\/'  ><span class='avia-bullet'><\/span><span class='avia-menu-text'>Unsere Kunden<\/span><\/a><\/li>\n<\/ul><\/div><\/div><div class='sticky_placeholder'><\/div><\/p>\n<div id='av_section_2'  class='avia-section av-av_section-3c1fdba40d338b16ca77c196ccce61e6 main_color avia-section-default avia-no-border-styling  avia-builder-el-4  el_after_av_submenu  avia-builder-el-last  avia-bg-style-scroll container_wrap sidebar_right'  ><div class='container av-section-cont-open' ><div class='template-page content  av-content-small alpha units'><div class='post-entry post-entry-type-page post-entry-4660'><div class='entry-content-wrapper clearfix'>\n<section  class='av_textblock_section av-av_textblock-0366cc7376be6c9e82a3e9cc8987b64f '   itemscope=\"itemscope\" itemtype=\"https:\/\/schema.org\/CreativeWork\" ><div class='avia_textblock'  itemprop=\"text\" ><div class=\"column-text\" style=\"text-align: center;\"><strong>SIPPEX KEJIE<\/strong>\u00a0unterstreicht unsere internationale Ausrichtung. Mit Verk\u00e4ufen in 50 L\u00e4ndern hat\u00a0<strong>SIPPEX<\/strong>heute Kunden aller Gr\u00f6\u00dfen auf 5 Kontinenten.<\/div>\n<\/div><\/section>\n\n<style type=\"text\/css\" data-created_by=\"avia_inline_auto\" id=\"style-css-av-av_one_half-6126cab7d8fab8d08143dd2dacdf673c\">\n.flex_column.av-av_one_half-6126cab7d8fab8d08143dd2dacdf673c{\nborder-radius:0px 0px 0px 0px;\npadding:0px 0px 0px 0px;\n}\n<\/style>\n<div  class='flex_column av-av_one_half-6126cab7d8fab8d08143dd2dacdf673c av_one_half  avia-builder-el-6  el_after_av_textblock  el_before_av_one_half  first flex_column_div av-zero-column-padding  column-top-margin'     ><style type=\"text\/css\" data-created_by=\"avia_inline_auto\" id=\"style-css-av-av_iconlist-8e65f7e704f83759e315750f10b06c4e\">\n#top .avia-icon-list-container.av-av_iconlist-8e65f7e704f83759e315750f10b06c4e .iconlist_icon{\ncolor:#36bba0;\n}\n#top .avia-icon-list-container.av-av_iconlist-8e65f7e704f83759e315750f10b06c4e .iconlist_icon svg:first-child{\nstroke:#36bba0;\nfill:#36bba0;\n}\n<\/style>\n<div  class='avia-icon-list-container av-av_iconlist-8e65f7e704f83759e315750f10b06c4e  avia-builder-el-7  avia-builder-el-no-sibling '><ul class='avia-icon-list avia_animate_when_almost_visible avia-icon-list-left av-iconlist-small av-av_iconlist-8e65f7e704f83759e315750f10b06c4e avia-iconlist-animate'>\n<li><div class='iconlist_icon av-av_iconlist_item-cd27a629cb894d907797df2915343a28 avia-font-entypo-fontello avia-iconfont avia-font-entypo-fontello'><span class='av-icon-char' data-av_icon='\ue812' data-av_iconfont='entypo-fontello' aria-hidden=\"true\"><\/span><\/div><article class=\"article-icon-entry av-iconlist-empty\"  itemscope=\"itemscope\" itemtype=\"https:\/\/schema.org\/CreativeWork\" ><div class=\"iconlist_content_wrap\"><header class=\"entry-content-header\" aria-label=\"Icon: Die Pharmaindustrie ist bestrebt, in den Markt f\u00fcr flexible Beh\u00e4lter f\u00fcr IV-L\u00f6sungen einzutreten. Ex : \u201cGebrauchsfertige\u201d vorgemischte Antibiotika\"><div class='av_iconlist_title iconlist_title_small  '  itemprop=\"headline\" >Die Pharmaindustrie ist bestrebt, in den Markt f\u00fcr flexible Beh\u00e4lter f\u00fcr IV-L\u00f6sungen einzutreten. Ex : \u201cGebrauchsfertige\u201d vorgemischte Antibiotika<\/div><\/header><div class='iconlist_content '  itemprop=\"text\" ><\/div><\/div><footer class=\"entry-footer\"><\/footer><\/article><div class=\"iconlist-timeline\"><\/div><\/li>\n<li><div class='iconlist_icon av-av_iconlist_item-cb85abc41a2adb5574312802ac68a99c avia-font-entypo-fontello avia-iconfont avia-font-entypo-fontello'><span class='av-icon-char' data-av_icon='\ue812' data-av_iconfont='entypo-fontello' aria-hidden=\"true\"><\/span><\/div><article class=\"article-icon-entry av-iconlist-empty\"  itemscope=\"itemscope\" itemtype=\"https:\/\/schema.org\/CreativeWork\" ><div class=\"iconlist_content_wrap\"><header class=\"entry-content-header\" aria-label=\"Icon: Labore, die bereits L\u00f6sungen herstellen und einen anderen Beh\u00e4ltertyp (Glas, PE\u2026) verwenden, aber bestrebt sind, die Vorteile unserer Flexi-Beh\u00e4lter zu nutzen.\"><div class='av_iconlist_title iconlist_title_small  '  itemprop=\"headline\" >Labore, die bereits L\u00f6sungen herstellen und einen anderen Beh\u00e4ltertyp (Glas, PE\u2026) verwenden, aber bestrebt sind, die Vorteile unserer Flexi-Beh\u00e4lter zu nutzen.<\/div><\/header><div class='iconlist_content '  itemprop=\"text\" ><\/div><\/div><footer class=\"entry-footer\"><\/footer><\/article><div class=\"iconlist-timeline\"><\/div><\/li>\n<li><div class='iconlist_icon av-av_iconlist_item-85c85adb2ecf35afbcba8b522f44521b avia-font-entypo-fontello avia-iconfont avia-font-entypo-fontello'><span class='av-icon-char' data-av_icon='\ue812' data-av_iconfont='entypo-fontello' aria-hidden=\"true\"><\/span><\/div><article class=\"article-icon-entry av-iconlist-empty\"  itemscope=\"itemscope\" itemtype=\"https:\/\/schema.org\/CreativeWork\" ><div class=\"iconlist_content_wrap\"><header class=\"entry-content-header\" aria-label=\"Icon: Labore, die versuchen, ihre eigene Herstellung von flexiblen Beh\u00e4ltern aus unserem hochwertigen Flachschlauch heraus zu starten.\"><div class='av_iconlist_title iconlist_title_small  '  itemprop=\"headline\" >Labore, die versuchen, ihre eigene Herstellung von flexiblen Beh\u00e4ltern aus unserem hochwertigen Flachschlauch heraus zu starten.<\/div><\/header><div class='iconlist_content '  itemprop=\"text\" ><\/div><\/div><footer class=\"entry-footer\"><\/footer><\/article><div class=\"iconlist-timeline\"><\/div><\/li>\n<\/ul><\/div><\/div>\n<style type=\"text\/css\" data-created_by=\"avia_inline_auto\" id=\"style-css-av-av_one_half-0aa7055fe62c3622faec82866afbaeb2\">\n.flex_column.av-av_one_half-0aa7055fe62c3622faec82866afbaeb2{\nborder-radius:0px 0px 0px 0px;\npadding:0px 0px 0px 0px;\n}\n<\/style>\n<div  class='flex_column av-av_one_half-0aa7055fe62c3622faec82866afbaeb2 av_one_half  avia-builder-el-8  el_after_av_one_half  el_before_av_hr  flex_column_div av-zero-column-padding  column-top-margin'     ><style type=\"text\/css\" data-created_by=\"avia_inline_auto\" id=\"style-css-av-av_iconlist-8e65f7e704f83759e315750f10b06c4e\">\n#top .avia-icon-list-container.av-av_iconlist-8e65f7e704f83759e315750f10b06c4e .iconlist_icon{\ncolor:#36bba0;\n}\n#top .avia-icon-list-container.av-av_iconlist-8e65f7e704f83759e315750f10b06c4e .iconlist_icon svg:first-child{\nstroke:#36bba0;\nfill:#36bba0;\n}\n<\/style>\n<div  class='avia-icon-list-container av-av_iconlist-8e65f7e704f83759e315750f10b06c4e  avia-builder-el-9  avia-builder-el-no-sibling '><ul class='avia-icon-list avia_animate_when_almost_visible avia-icon-list-left av-iconlist-small av-av_iconlist-8e65f7e704f83759e315750f10b06c4e avia-iconlist-animate'>\n<li><div class='iconlist_icon av-av_iconlist_item-69c8b5ee16bc25258675a19c15ea1eaa avia-font-entypo-fontello avia-iconfont avia-font-entypo-fontello'><span class='av-icon-char' data-av_icon='\ue812' data-av_iconfont='entypo-fontello' aria-hidden=\"true\"><\/span><\/div><article class=\"article-icon-entry av-iconlist-empty\"  itemscope=\"itemscope\" itemtype=\"https:\/\/schema.org\/CreativeWork\" ><div class=\"iconlist_content_wrap\"><header class=\"entry-content-header\" aria-label=\"Icon: Hersteller von medizinischen Ger\u00e4ten, die bestrebt sind, einige unserer Komponenten in ihre Produktauswahl aufzunehmen.\"><div class='av_iconlist_title iconlist_title_small  '  itemprop=\"headline\" >Hersteller von medizinischen Ger\u00e4ten, die bestrebt sind, einige unserer Komponenten in ihre Produktauswahl aufzunehmen.<\/div><\/header><div class='iconlist_content '  itemprop=\"text\" ><\/div><\/div><footer class=\"entry-footer\"><\/footer><\/article><div class=\"iconlist-timeline\"><\/div><\/li>\n<li><div class='iconlist_icon av-av_iconlist_item-ebcc682da2427dc0830f59f7f5f70992 avia-font-entypo-fontello avia-iconfont avia-font-entypo-fontello'><span class='av-icon-char' data-av_icon='\ue812' data-av_iconfont='entypo-fontello' aria-hidden=\"true\"><\/span><\/div><article class=\"article-icon-entry av-iconlist-empty\"  itemscope=\"itemscope\" itemtype=\"https:\/\/schema.org\/CreativeWork\" ><div class=\"iconlist_content_wrap\"><header class=\"entry-content-header\" aria-label=\"Icon: Labore, die bestrebt sind, DEHP-freie Beutel zu nutzen.\"><div class='av_iconlist_title iconlist_title_small  '  itemprop=\"headline\" >Labore, die bestrebt sind, DEHP-freie Beutel zu nutzen.<\/div><\/header><div class='iconlist_content '  itemprop=\"text\" ><\/div><\/div><footer class=\"entry-footer\"><\/footer><\/article><div class=\"iconlist-timeline\"><\/div><\/li>\n<li><div class='iconlist_icon av-av_iconlist_item-970df988f40c27ae8a0504cc23b7af20 avia-font-entypo-fontello avia-iconfont avia-font-entypo-fontello'><span class='av-icon-char' data-av_icon='\ue812' data-av_iconfont='entypo-fontello' aria-hidden=\"true\"><\/span><\/div><article class=\"article-icon-entry av-iconlist-empty\"  itemscope=\"itemscope\" itemtype=\"https:\/\/schema.org\/CreativeWork\" ><div class=\"iconlist_content_wrap\"><header class=\"entry-content-header\" aria-label=\"Icon: Generikahersteller\"><div class='av_iconlist_title iconlist_title_small  '  itemprop=\"headline\" >Generikahersteller<\/div><\/header><div class='iconlist_content '  itemprop=\"text\" ><\/div><\/div><footer class=\"entry-footer\"><\/footer><\/article><div class=\"iconlist-timeline\"><\/div><\/li>\n<li><div class='iconlist_icon av-av_iconlist_item-4816b012ad5d3ad5f03e2eea192a4275 avia-font-entypo-fontello avia-iconfont avia-font-entypo-fontello'><span class='av-icon-char' data-av_icon='\ue812' data-av_iconfont='entypo-fontello' aria-hidden=\"true\"><\/span><\/div><article class=\"article-icon-entry av-iconlist-empty\"  itemscope=\"itemscope\" itemtype=\"https:\/\/schema.org\/CreativeWork\" ><div class=\"iconlist_content_wrap\"><header class=\"entry-content-header\" aria-label=\"Icon: Veterin\u00e4rmedizinische Labore\"><div class='av_iconlist_title iconlist_title_small  '  itemprop=\"headline\" >Veterin\u00e4rmedizinische Labore<\/div><\/header><div class='iconlist_content '  itemprop=\"text\" ><\/div><\/div><footer class=\"entry-footer\"><\/footer><\/article><div class=\"iconlist-timeline\"><\/div><\/li>\n<li><div class='iconlist_icon av-av_iconlist_item-bd0e919d6b1d6eef77be45be85234139 avia-font-entypo-fontello avia-iconfont avia-font-entypo-fontello'><span class='av-icon-char' data-av_icon='\ue812' data-av_iconfont='entypo-fontello' aria-hidden=\"true\"><\/span><\/div><article class=\"article-icon-entry av-iconlist-empty\"  itemscope=\"itemscope\" itemtype=\"https:\/\/schema.org\/CreativeWork\" ><div class=\"iconlist_content_wrap\"><header class=\"entry-content-header\" aria-label=\"Icon: Unternehmen der In-Vitro-Diagnostik\"><div class='av_iconlist_title iconlist_title_small  '  itemprop=\"headline\" >Unternehmen der In-Vitro-Diagnostik<\/div><\/header><div class='iconlist_content '  itemprop=\"text\" ><\/div><\/div><footer class=\"entry-footer\"><\/footer><\/article><div class=\"iconlist-timeline\"><\/div><\/li>\n<li><div class='iconlist_icon av-av_iconlist_item-e7ababa7fdca7aa65d8e0c2d83855fda avia-font-entypo-fontello avia-iconfont avia-font-entypo-fontello'><span class='av-icon-char' data-av_icon='\ue812' data-av_iconfont='entypo-fontello' aria-hidden=\"true\"><\/span><\/div><article class=\"article-icon-entry av-iconlist-empty\"  itemscope=\"itemscope\" itemtype=\"https:\/\/schema.org\/CreativeWork\" ><div class=\"iconlist_content_wrap\"><header class=\"entry-content-header\" aria-label=\"Icon: Verpackungshersteller\"><div class='av_iconlist_title iconlist_title_small  '  itemprop=\"headline\" >Verpackungshersteller<\/div><\/header><div class='iconlist_content '  itemprop=\"text\" ><\/div><\/div><footer class=\"entry-footer\"><\/footer><\/article><div class=\"iconlist-timeline\"><\/div><\/li>\n<\/ul><\/div><\/div>\n<style type=\"text\/css\" data-created_by=\"avia_inline_auto\" id=\"style-css-av-av_hr-5ea7596238ed9f191e6b5e662093052f\">\n#top .hr.hr-invisible.av-av_hr-5ea7596238ed9f191e6b5e662093052f{\nheight:30px;\n}\n<\/style>\n<div  class='hr av-av_hr-5ea7596238ed9f191e6b5e662093052f hr-invisible  avia-builder-el-10  el_after_av_one_half  el_before_av_image '><span class='hr-inner '><span class=\"hr-inner-style\"><\/span><\/span><\/div>\n\n<style type=\"text\/css\" data-created_by=\"avia_inline_auto\" id=\"style-css-av-av_image-9dd800b69539fa94dc85f3fb5a913de4\">\n.avia-image-container.av-av_image-9dd800b69539fa94dc85f3fb5a913de4 img.avia_image{\nbox-shadow:none;\n}\n.avia-image-container.av-av_image-9dd800b69539fa94dc85f3fb5a913de4 .av-image-caption-overlay-center{\ncolor:#ffffff;\n}\n<\/style>\n<div  class='avia-image-container av-av_image-9dd800b69539fa94dc85f3fb5a913de4 av-styling- avia-align-center  avia-builder-el-11  el_after_av_hr  avia-builder-el-last '   itemprop=\"image\" itemscope=\"itemscope\" itemtype=\"https:\/\/schema.org\/ImageObject\" ><div class=\"avia-image-container-inner\"><div class=\"avia-image-overlay-wrap\"><img fetchpriority=\"high\" class='wp-image-4309 avia-img-lazy-loading-not-4309 avia_image ' src='https:\/\/www.sippex.com\/wp-content\/uploads\/2017\/07\/sippex_customers.jpg' alt='' title='sippex_customers'  height=\"302\" width=\"636\"  itemprop=\"thumbnailUrl\"  \/><\/div><\/div><\/div>\n<\/div><\/div><\/div><!-- close content main div --><\/div><\/div><div id='after_section_2'  class='main_color av_default_container_wrap container_wrap sidebar_right'  ><div class='container av-section-cont-open' ><div class='template-page content  av-content-small alpha units'><div class='post-entry post-entry-type-page post-entry-4660'><div class='entry-content-wrapper clearfix'>\n","protected":false},"excerpt":{"rendered":"","protected":false},"author":10,"featured_media":0,"parent":4645,"menu_order":0,"comment_status":"closed","ping_status":"closed","template":"","meta":{"footnotes":""},"class_list":["post-4660","page","type-page","status-publish","hentry"],"yoast_head":"<!-- This site is optimized with the Yoast SEO plugin v27.4 - https:\/\/yoast.com\/product\/yoast-seo-wordpress\/ -->\n<title>Unsere Kunden - SIPPEX: Fabricants de poches de perfusion<\/title>\n<meta name=\"robots\" content=\"index, follow, max-snippet:-1, max-image-preview:large, max-video-preview:-1\" \/>\n<link rel=\"canonical\" href=\"https:\/\/www.sippex.com\/de\/uber-sippex\/kunden\/\" \/>\n<meta property=\"og:locale\" content=\"de_DE\" \/>\n<meta property=\"og:type\" content=\"article\" \/>\n<meta property=\"og:title\" content=\"Unsere Kunden - SIPPEX: Fabricants de poches de perfusion\" \/>\n<meta property=\"og:url\" content=\"https:\/\/www.sippex.com\/de\/uber-sippex\/kunden\/\" \/>\n<meta property=\"og:site_name\" content=\"SIPPEX: Fabricants de poches de perfusion\" \/>\n<meta property=\"article:modified_time\" content=\"2017-09-15T14:00:47+00:00\" \/>\n<meta name=\"twitter:card\" content=\"summary_large_image\" \/>\n<meta name=\"twitter:label1\" content=\"Gesch\u00e4tzte Lesezeit\" \/>\n\t<meta name=\"twitter:data1\" content=\"5 Minuten\" \/>\n<script type=\"application\/ld+json\" class=\"yoast-schema-graph\">{\"@context\":\"https:\\\/\\\/schema.org\",\"@graph\":[{\"@type\":\"WebPage\",\"@id\":\"https:\\\/\\\/www.sippex.com\\\/de\\\/uber-sippex\\\/kunden\\\/\",\"url\":\"https:\\\/\\\/www.sippex.com\\\/de\\\/uber-sippex\\\/kunden\\\/\",\"name\":\"Unsere Kunden - SIPPEX: Fabricants de poches de perfusion\",\"isPartOf\":{\"@id\":\"https:\\\/\\\/www.sippex.com\\\/de\\\/#website\"},\"datePublished\":\"2017-07-15T13:03:16+00:00\",\"dateModified\":\"2017-09-15T14:00:47+00:00\",\"breadcrumb\":{\"@id\":\"https:\\\/\\\/www.sippex.com\\\/de\\\/uber-sippex\\\/kunden\\\/#breadcrumb\"},\"inLanguage\":\"de\",\"potentialAction\":[{\"@type\":\"ReadAction\",\"target\":[\"https:\\\/\\\/www.sippex.com\\\/de\\\/uber-sippex\\\/kunden\\\/\"]}]},{\"@type\":\"BreadcrumbList\",\"@id\":\"https:\\\/\\\/www.sippex.com\\\/de\\\/uber-sippex\\\/kunden\\\/#breadcrumb\",\"itemListElement\":[{\"@type\":\"ListItem\",\"position\":1,\"name\":\"Verbindungsteile \\\/ Anschl\u00fcsse\",\"item\":\"https:\\\/\\\/www.sippex.com\\\/de\\\/uber-sippex\\\/\"},{\"@type\":\"ListItem\",\"position\":2,\"name\":\"Unsere Kunden\"}]},{\"@type\":\"WebSite\",\"@id\":\"https:\\\/\\\/www.sippex.com\\\/de\\\/#website\",\"url\":\"https:\\\/\\\/www.sippex.com\\\/de\\\/\",\"name\":\"SIPPEX: Fabricants de poches de perfusion\",\"description\":\"\",\"potentialAction\":[{\"@type\":\"SearchAction\",\"target\":{\"@type\":\"EntryPoint\",\"urlTemplate\":\"https:\\\/\\\/www.sippex.com\\\/de\\\/?s={search_term_string}\"},\"query-input\":{\"@type\":\"PropertyValueSpecification\",\"valueRequired\":true,\"valueName\":\"search_term_string\"}}],\"inLanguage\":\"de\"}]}<\/script>\n<!-- \/ Yoast SEO plugin. -->","yoast_head_json":{"title":"Unsere Kunden - SIPPEX: Fabricants de poches de perfusion","robots":{"index":"index","follow":"follow","max-snippet":"max-snippet:-1","max-image-preview":"max-image-preview:large","max-video-preview":"max-video-preview:-1"},"canonical":"https:\/\/www.sippex.com\/de\/uber-sippex\/kunden\/","og_locale":"de_DE","og_type":"article","og_title":"Unsere Kunden - SIPPEX: Fabricants de poches de perfusion","og_url":"https:\/\/www.sippex.com\/de\/uber-sippex\/kunden\/","og_site_name":"SIPPEX: Fabricants de poches de perfusion","article_modified_time":"2017-09-15T14:00:47+00:00","twitter_card":"summary_large_image","twitter_misc":{"Gesch\u00e4tzte Lesezeit":"5 Minuten"},"schema":{"@context":"https:\/\/schema.org","@graph":[{"@type":"WebPage","@id":"https:\/\/www.sippex.com\/de\/uber-sippex\/kunden\/","url":"https:\/\/www.sippex.com\/de\/uber-sippex\/kunden\/","name":"Unsere Kunden - SIPPEX: Fabricants de poches de perfusion","isPartOf":{"@id":"https:\/\/www.sippex.com\/de\/#website"},"datePublished":"2017-07-15T13:03:16+00:00","dateModified":"2017-09-15T14:00:47+00:00","breadcrumb":{"@id":"https:\/\/www.sippex.com\/de\/uber-sippex\/kunden\/#breadcrumb"},"inLanguage":"de","potentialAction":[{"@type":"ReadAction","target":["https:\/\/www.sippex.com\/de\/uber-sippex\/kunden\/"]}]},{"@type":"BreadcrumbList","@id":"https:\/\/www.sippex.com\/de\/uber-sippex\/kunden\/#breadcrumb","itemListElement":[{"@type":"ListItem","position":1,"name":"Verbindungsteile \/ Anschl\u00fcsse","item":"https:\/\/www.sippex.com\/de\/uber-sippex\/"},{"@type":"ListItem","position":2,"name":"Unsere Kunden"}]},{"@type":"WebSite","@id":"https:\/\/www.sippex.com\/de\/#website","url":"https:\/\/www.sippex.com\/de\/","name":"SIPPEX: Fabricants de poches de perfusion","description":"","potentialAction":[{"@type":"SearchAction","target":{"@type":"EntryPoint","urlTemplate":"https:\/\/www.sippex.com\/de\/?s={search_term_string}"},"query-input":{"@type":"PropertyValueSpecification","valueRequired":true,"valueName":"search_term_string"}}],"inLanguage":"de"}]}},"_links":{"self":[{"href":"https:\/\/www.sippex.com\/de\/wp-json\/wp\/v2\/pages\/4660","targetHints":{"allow":["GET"]}}],"collection":[{"href":"https:\/\/www.sippex.com\/de\/wp-json\/wp\/v2\/pages"}],"about":[{"href":"https:\/\/www.sippex.com\/de\/wp-json\/wp\/v2\/types\/page"}],"author":[{"embeddable":true,"href":"https:\/\/www.sippex.com\/de\/wp-json\/wp\/v2\/users\/10"}],"replies":[{"embeddable":true,"href":"https:\/\/www.sippex.com\/de\/wp-json\/wp\/v2\/comments?post=4660"}],"version-history":[{"count":0,"href":"https:\/\/www.sippex.com\/de\/wp-json\/wp\/v2\/pages\/4660\/revisions"}],"up":[{"embeddable":true,"href":"https:\/\/www.sippex.com\/de\/wp-json\/wp\/v2\/pages\/4645"}],"wp:attachment":[{"href":"https:\/\/www.sippex.com\/de\/wp-json\/wp\/v2\/media?parent=4660"}],"curies":[{"name":"wp","href":"https:\/\/api.w.org\/{rel}","templated":true}]}}