{"id":4726,"date":"2017-07-21T11:41:10","date_gmt":"2017-07-21T09:41:10","guid":{"rendered":"http:\/\/www.sippex.com\/products\/layflat-tubing-tubes\/"},"modified":"2017-10-03T10:42:28","modified_gmt":"2017-10-03T08:42:28","slug":"flachschlauch-rohren","status":"publish","type":"page","link":"https:\/\/www.sippex.com\/de\/produkte\/flachschlauch-rohren\/","title":{"rendered":"Flachschlauch rohren"},"content":{"rendered":"<div id='full_slider_1'  class='avia-fullwidth-slider main_color avia-shadow   avia-builder-el-0  el_before_av_section  avia-builder-el-first   container_wrap sidebar_right'  ><div  class='avia-slideshow av-av_slideshow_full-32de997090c749a8c82b86d1ff824dd4 avia-slideshow-featured av_slideshow_full avia-slide-slider av-slideshow-ui av-control-default av-slideshow-manual av-loop-once av-loop-manual-endless av-default-height-applied   avia-slideshow-1' data-slideshow-options=\"{&quot;animation&quot;:&quot;slide&quot;,&quot;autoplay&quot;:false,&quot;loop_autoplay&quot;:&quot;once&quot;,&quot;interval&quot;:5,&quot;loop_manual&quot;:&quot;manual-endless&quot;,&quot;autoplay_stopper&quot;:false,&quot;noNavigation&quot;:false,&quot;bg_slider&quot;:false,&quot;keep_padding&quot;:false,&quot;hoverpause&quot;:false,&quot;show_slide_delay&quot;:0}\"  itemprop=\"image\" itemscope=\"itemscope\" itemtype=\"https:\/\/schema.org\/ImageObject\" ><ul class='avia-slideshow-inner ' style='padding-bottom: 28.666666666667%;'><li  class='avia-slideshow-slide av-av_slideshow_full-32de997090c749a8c82b86d1ff824dd4__0  av-single-slide slide-1 slide-odd'><div data-rel='slideshow-1' class='avia-slide-wrap '   ><div class='av-slideshow-caption av-av_slideshow_full-32de997090c749a8c82b86d1ff824dd4__0 caption_fullwidth caption_center caption_center_framed caption_framed'><div class=\"container caption_container\"><div class=\"slideshow_caption\"><div class=\"slideshow_inner_caption\"><div class=\"slideshow_align_caption\"><h2 class='avia-caption-title '  itemprop=\"name\" >PVC FLACHSCHLAUCH &amp; R\u00d6HREN<\/h2><\/div><\/div><\/div><\/div><\/div><img fetchpriority=\"high\" class=\"wp-image-4578 avia-img-lazy-loading-not-4578\"  src='https:\/\/www.sippex.com\/wp-content\/uploads\/2017\/07\/SIPPEX-Layflat-and-tubing_01-1500x430.jpg' width='1500' height='430' title='SIPPEX-Layflat-and-tubing_01' alt=''  itemprop=\"thumbnailUrl\"   \/><\/div><\/li><\/ul><\/div><\/div>\n\n<style type=\"text\/css\" data-created_by=\"avia_inline_auto\" id=\"style-css-av-av_section-1e3b8abf64e379ef55333ec8b61dd6f0\">\n.avia-section.av-av_section-1e3b8abf64e379ef55333ec8b61dd6f0{\nbackground-color:#e5e5e5;\nbackground-image:unset;\n}\n<\/style>\n<div id='av_section_1'  class='avia-section av-av_section-1e3b8abf64e379ef55333ec8b61dd6f0 main_color avia-section-default avia-no-border-styling  avia-builder-el-1  el_after_av_slideshow_full  el_before_av_submenu  avia-bg-style-scroll container_wrap sidebar_right'  ><div class='container av-section-cont-open' ><div class='template-page content  av-content-small alpha units'><div class='post-entry post-entry-type-page post-entry-4726'><div class='entry-content-wrapper clearfix'>\n\n<style type=\"text\/css\" data-created_by=\"avia_inline_auto\" id=\"style-css-av-av_heading-03b1ccce4616bdf06f2d1673a57a018e\">\n#top .av-special-heading.av-av_heading-03b1ccce4616bdf06f2d1673a57a018e{\npadding-bottom:10px;\nfont-size:30px;\n}\nbody .av-special-heading.av-av_heading-03b1ccce4616bdf06f2d1673a57a018e .av-special-heading-tag .heading-char{\nfont-size:25px;\n}\n#top #wrap_all .av-special-heading.av-av_heading-03b1ccce4616bdf06f2d1673a57a018e .av-special-heading-tag{\nfont-size:30px;\n}\n.av-special-heading.av-av_heading-03b1ccce4616bdf06f2d1673a57a018e .av-subheading{\nfont-size:15px;\n}\n\n@media only screen and (min-width: 480px) and (max-width: 767px){ \n#top #wrap_all .av-special-heading.av-av_heading-03b1ccce4616bdf06f2d1673a57a018e .av-special-heading-tag{\nfont-size:0.8em;\n}\n}\n\n@media only screen and (max-width: 479px){ \n#top #wrap_all .av-special-heading.av-av_heading-03b1ccce4616bdf06f2d1673a57a018e .av-special-heading-tag{\nfont-size:0.8em;\n}\n}\n<\/style>\n<div  class='av-special-heading av-av_heading-03b1ccce4616bdf06f2d1673a57a018e av-special-heading-h1 blockquote modern-quote modern-centered  avia-builder-el-2  avia-builder-el-no-sibling  av-inherit-size'><h1 class='av-special-heading-tag '  itemprop=\"headline\"  >PVC FLACHSCHLAUCH <span class='special_amp'>&amp;<\/span> R\u00d6HREN<\/h1><div class=\"special-heading-border\"><div class=\"special-heading-inner-border\"><\/div><\/div><\/div>\n<\/div><\/div><\/div><!-- close content main div --><\/div><\/div><div class='clear'><\/div><div id='sub_menu1'  class='av-submenu-container av-av_submenu-e5c23256f1ed6b061ab7cba4d25fc725 main_color av-switch-768  avia-builder-el-3  el_after_av_section  el_before_av_section  av-sticky-submenu submenu-not-first container_wrap sidebar_right' style='z-index:301' ><div class='container av-menu-mobile-active av-submenu-pos-center'><a href=\"#\" class=\"mobile_menu_toggle\"><span class='avia-svg-icon avia-font-svg_entypo-fontello' data-av_svg_icon='list' data-av_iconset='svg_entypo-fontello'><svg version=\"1.1\" xmlns=\"http:\/\/www.w3.org\/2000\/svg\" width=\"22\" height=\"32\" viewBox=\"0 0 22 32\" preserveAspectRatio=\"xMidYMid meet\" aria-labelledby='av-svg-title-1' aria-describedby='av-svg-desc-1' role=\"graphics-symbol\" aria-hidden=\"true\">\n<title id='av-svg-title-1'>List<\/title>\n<desc id='av-svg-desc-1'>List<\/desc>\n<path d=\"M3.2 20.8q0.64 0 1.12 0.48t0.48 1.12-0.48 1.12-1.12 0.48h-1.6q-0.64 0-1.12-0.48t-0.48-1.12 0.448-1.12 1.152-0.48h1.6zM3.2 14.4q0.64 0 1.12 0.48t0.48 1.12-0.48 1.12-1.12 0.48h-1.6q-0.64 0-1.12-0.48t-0.48-1.12 0.448-1.12 1.152-0.48h1.6zM3.2 8q0.64 0 1.12 0.48t0.48 1.12-0.48 1.12-1.12 0.48h-1.6q-0.64 0-1.12-0.48t-0.48-1.12 0.448-1.12 1.152-0.48h1.6zM9.6 11.2q-0.64 0-1.12-0.48t-0.48-1.12 0.48-1.12 1.12-0.48h11.2q0.704 0 1.152 0.48t0.448 1.12-0.48 1.12-1.12 0.48h-11.2zM20.8 14.4q0.704 0 1.152 0.48t0.448 1.12-0.48 1.12-1.12 0.48h-11.2q-0.64 0-1.12-0.48t-0.48-1.12 0.48-1.12 1.12-0.48h11.2zM20.8 20.8q0.704 0 1.152 0.48t0.448 1.12-0.48 1.12-1.12 0.48h-11.2q-0.64 0-1.12-0.48t-0.48-1.12 0.48-1.12 1.12-0.48h11.2z\"><\/path>\n<\/svg><\/span><span class=\"av-current-placeholder\">Men\u00fc<\/span><\/a><ul id='av-custom-submenu-1' class='av-subnav-menu' role='menu'>\n<li class='menu-item av-av_submenu_item-c890f4462cc42eafec9066ecbcbcdd1c menu-item-top-level menu-item-top-level-1' role='menuitem'><a href='https:\/\/www.sippex.com\/de\/produkte\/ppbeutel\/'  ><span class='avia-bullet'><\/span><span class='avia-menu-text'>Mehrschicht-PP-Beutel<\/span><\/a><\/li>\n<li class='menu-item av-av_submenu_item-b78bc1924420e24d6ab2ef72f0708505 menu-item-top-level menu-item-top-level-2' role='menuitem'><a href='https:\/\/www.sippex.com\/de\/produkte\/pvc-beutel\/'  ><span class='avia-bullet'><\/span><span class='avia-menu-text'>PVC medizinische Beutel<\/span><\/a><\/li>\n<li class='menu-item av-av_submenu_item-0b98719781fcd77a0e10ef18fb17dcf1 menu-item-top-level menu-item-top-level-3' role='menuitem'><a href='https:\/\/www.sippex.com\/de\/produkte\/connectors-ports\/'  ><span class='avia-bullet'><\/span><span class='avia-menu-text'>Verbindungsteile \/ Anschl\u00fcsse<\/span><\/a><\/li>\n<li class='menu-item av-av_submenu_item-0b5f5169501055ecf1ac4067e3ac7e74 menu-item-top-level av-menu-button av-menu-button-bordered menu-item-top-level-4' role='menuitem'><a href='https:\/\/www.sippex.com\/de\/produkte\/flachschlauch-rohren\/'  ><span class='avia-bullet'><\/span><span class='avia-menu-text'>PVC Flachschlauch &amp; R\u00f6hren<\/span><\/a><\/li>\n<\/ul><\/div><\/div><div class='sticky_placeholder'><\/div><\/p>\n<div id='av_section_2'  class='avia-section av-av_section-bb9bdb22c7f9e6bf1d52c155825dc7f7 main_color avia-section-default avia-no-shadow  avia-builder-el-4  el_after_av_submenu  avia-builder-el-last  avia-bg-style-scroll container_wrap sidebar_right'  ><div class='container av-section-cont-open' ><div class='template-page content  av-content-small alpha units'><div class='post-entry post-entry-type-page post-entry-4726'><div class='entry-content-wrapper clearfix'>\n\n<style type=\"text\/css\" data-created_by=\"avia_inline_auto\" id=\"style-css-av-av_one_full-6126cab7d8fab8d08143dd2dacdf673c\">\n.flex_column.av-av_one_full-6126cab7d8fab8d08143dd2dacdf673c{\nborder-radius:0px 0px 0px 0px;\npadding:0px 0px 0px 0px;\n}\n<\/style>\n<div  class='flex_column av-av_one_full-6126cab7d8fab8d08143dd2dacdf673c av_one_full  avia-builder-el-5  el_before_av_hr  avia-builder-el-first  first flex_column_div av-zero-column-padding  '     ><section  class='av_textblock_section av-av_textblock-0366cc7376be6c9e82a3e9cc8987b64f '   itemscope=\"itemscope\" itemtype=\"https:\/\/schema.org\/CreativeWork\" ><div class='avia_textblock'  itemprop=\"text\" ><p style=\"text-align: center;\"><strong>SIPPEX<\/strong> flachschlauch und r\u00f6hren erlaubt die Fertigung flexibler Beutel f\u00fcr medizinische, pharmazeutische und veterin\u00e4rmedizinische Anwendungen.<\/p>\n<\/div><\/section><br \/>\n\n<style type=\"text\/css\" data-created_by=\"avia_inline_auto\" id=\"style-css-av-av_iconlist-8e65f7e704f83759e315750f10b06c4e\">\n#top .avia-icon-list-container.av-av_iconlist-8e65f7e704f83759e315750f10b06c4e .iconlist_icon{\ncolor:#36bba0;\n}\n#top .avia-icon-list-container.av-av_iconlist-8e65f7e704f83759e315750f10b06c4e .iconlist_icon svg:first-child{\nstroke:#36bba0;\nfill:#36bba0;\n}\n<\/style>\n<div  class='avia-icon-list-container av-av_iconlist-8e65f7e704f83759e315750f10b06c4e  avia-builder-el-7  el_after_av_textblock  avia-builder-el-last '><ul class='avia-icon-list avia_animate_when_almost_visible avia-icon-list-left av-iconlist-small av-av_iconlist-8e65f7e704f83759e315750f10b06c4e avia-iconlist-animate'>\n<li><div class='iconlist_icon av-av_iconlist_item-2dde266f6e673fae82e681f8ec1e65d4 avia-font-entypo-fontello avia-iconfont avia-font-entypo-fontello'><span class='av-icon-char' data-av_icon='\ue812' data-av_iconfont='entypo-fontello' aria-hidden=\"true\"><\/span><\/div><article class=\"article-icon-entry av-iconlist-empty\"  itemscope=\"itemscope\" itemtype=\"https:\/\/schema.org\/CreativeWork\" ><div class=\"iconlist_content_wrap\"><header class=\"entry-content-header\" aria-label=\"Icon: Komplette Kontrolle der Zusammensetzung und des Herstellungsprozesses\"><div class='av_iconlist_title iconlist_title_small  '  itemprop=\"headline\" >Komplette Kontrolle der Zusammensetzung und des Herstellungsprozesses<\/div><\/header><div class='iconlist_content '  itemprop=\"text\" ><\/div><\/div><footer class=\"entry-footer\"><\/footer><\/article><div class=\"iconlist-timeline\"><\/div><\/li>\n<li><div class='iconlist_icon av-av_iconlist_item-a3fe142c7240fd1372838233322c1bdc avia-font-entypo-fontello avia-iconfont avia-font-entypo-fontello'><span class='av-icon-char' data-av_icon='\ue812' data-av_iconfont='entypo-fontello' aria-hidden=\"true\"><\/span><\/div><article class=\"article-icon-entry av-iconlist-empty\"  itemscope=\"itemscope\" itemtype=\"https:\/\/schema.org\/CreativeWork\" ><div class=\"iconlist_content_wrap\"><header class=\"entry-content-header\" aria-label=\"Icon: Komplette Nachverfolgbarkeit der Produkte und hohe Produktionshomogenit\u00e4t\"><div class='av_iconlist_title iconlist_title_small  '  itemprop=\"headline\" >Komplette Nachverfolgbarkeit der Produkte und hohe Produktionshomogenit\u00e4t<\/div><\/header><div class='iconlist_content '  itemprop=\"text\" ><\/div><\/div><footer class=\"entry-footer\"><\/footer><\/article><div class=\"iconlist-timeline\"><\/div><\/li>\n<li><div class='iconlist_icon av-av_iconlist_item-037eca7197f84788d0abdd08628f413e avia-font-entypo-fontello avia-iconfont avia-font-entypo-fontello'><span class='av-icon-char' data-av_icon='\ue812' data-av_iconfont='entypo-fontello' aria-hidden=\"true\"><\/span><\/div><article class=\"article-icon-entry av-iconlist-empty\"  itemscope=\"itemscope\" itemtype=\"https:\/\/schema.org\/CreativeWork\" ><div class=\"iconlist_content_wrap\"><header class=\"entry-content-header\" aria-label=\"Icon: Sterilit\u00e4t im Innenbereich des Flachschlauchs durch den ExtrusionsprozessA\"><div class='av_iconlist_title iconlist_title_small  '  itemprop=\"headline\" >Sterilit\u00e4t im Innenbereich des Flachschlauchs durch den ExtrusionsprozessA<\/div><\/header><div class='iconlist_content '  itemprop=\"text\" ><\/div><\/div><footer class=\"entry-footer\"><\/footer><\/article><div class=\"iconlist-timeline\"><\/div><\/li>\n<\/ul><\/div><\/p><\/div>\n<style type=\"text\/css\" data-created_by=\"avia_inline_auto\" id=\"style-css-av-av_hr-5ea7596238ed9f191e6b5e662093052f\">\n#top .hr.hr-invisible.av-av_hr-5ea7596238ed9f191e6b5e662093052f{\nheight:30px;\n}\n<\/style>\n<div  class='hr av-av_hr-5ea7596238ed9f191e6b5e662093052f hr-invisible  avia-builder-el-8  el_after_av_one_full  el_before_av_table '><span class='hr-inner '><span class=\"hr-inner-style\"><\/span><\/span><\/div>\n<div class='avia-data-table-wrap av-av_table-79567314f19fdf27597651e950bcbb3a avia_responsive_table avia-table-1'><table  class='avia-table avia-data-table avia_pricing_default  avia-builder-el-9  el_after_av_hr  avia-builder-el-last '  itemscope=\"itemscope\" itemtype=\"https:\/\/schema.org\/Table\" ><tbody><tr class='avia-heading-row'><th class='avia-highlight-col'>EIGENSCHAFTEN<\/th><th class='avia-center-col'>FLACHSCHLAUCH-R\u00d6HRE <\/th><th class='avia-center-col'>R\u00d6HREN<\/th><\/tr><tr class=''><td class='avia-highlight-col'>MATERIAL<\/td><td class='avia-center-col'>Weich-PVC<\/td><td class='avia-center-col'>Weich-PVC<\/td><\/tr><tr class=''><td class='avia-highlight-col'>FERTIGUNGSVERFAHRENPROCESS <\/td><td class='avia-center-col'>Extrusion<\/td><td class='avia-center-col'>Extrusion<\/td><\/tr><tr class=''><td class='avia-highlight-col'>AUSSEHEN<\/td><td class='avia-center-col'>Transparent<\/td><td class='avia-center-col'>kristallklar, mattiert weich, gerillt<\/td><\/tr><tr class=''><td class='avia-highlight-col'>FLACHSCHLAUCH-R\u00d6HRE BREITE<\/td><td class='avia-center-col'>80 bis 340 mm mit einer Toleranz von + oder \u2013 1,5 mm, wenn die Breite &lt; 150 mm ist und + oder \u2013 2,0 mm, wenn die Breite &gt; 150 mm ist<\/td><td class='avia-center-col'><\/td><\/tr><tr class=''><td class='avia-highlight-col'>R\u00d6HRENDURCHMESSER<\/td><td class='avia-center-col'><\/td><td class='avia-center-col'>Der Durchmesser kann von 2 mm Innendurchmesser bis 10 mm Au\u00dfendurchmesser variieren, mit einer Toleranz von 10 bis 15\/100, je nach Durchmesser<\/td><\/tr><tr class=''><td class='avia-highlight-col'>L\u00c4NGE<\/td><td class='avia-center-col'>Von 120 bis 220 m, je nach Breite und St\u00e4rke <\/td><td class='avia-center-col'> Von 2 cm bis 220 m<\/td><\/tr><tr class=''><td class='avia-highlight-col'>ST\u00c4RKE<\/td><td class='avia-center-col'>0,32 und 0,35 mm Standard. Es k\u00f6nnen St\u00e4rken von 0,30 mm bis 0,5 mm erreicht werden<\/td><td class='avia-center-col'>Abh\u00e4ngig vom R\u00f6hrendurchmesser im Bereich von 0,5 mm bis 1,2 mm<\/td><\/tr><tr class=''><td class='avia-highlight-col'>VERPACKUNG<\/td><td class='avia-center-col'>Doppelte Umverpackungsbeutel und Karton, die die Weiterleitung der Produkte direkt in den Reinraum erlauben<\/td><td class='avia-center-col'>Doppelte Umverpackungsbeutel und Karton, die die Weiterleitung der Produkte direkt in den Reinraum erlauben<\/td><\/tr><tr class=''><td class='avia-highlight-col'>TRANSFORMATION<\/td><td class='avia-center-col'>Hochfrequenzschwei\u00dfbar<\/td><td class='avia-center-col'>Hochfrequenzschwei\u00dfbar<\/td><\/tr><tr class=''><td class='avia-highlight-col'>GESETZLICHE REGULIERUNG<\/td><td class='avia-center-col'>Erf\u00fcllt die Europ\u00e4ische Pharmacopoeia und USP Class VI. Drug master File D.M.F. Das Unternehmen ist ISO zertifiziert.<br \/>\n<\/td><td class='avia-center-col'>Erf\u00fcllt die Europ\u00e4ische Pharmacopoeia und USP Class VI. Drug master File D.M.F. Das Unternehmen ist ISO zertifiziert.<\/td><\/tr><\/tbody><\/table><\/div><style type='text\/css'>.avia-table-1 td:nth-of-type(1):before { content: 'EIGENSCHAFTEN'; } .avia-table-1 td:nth-of-type(2):before { content: 'FLACHSCHLAUCH-R\u00d6HRE '; } .avia-table-1 td:nth-of-type(3):before { content: 'R\u00d6HREN'; } <\/style>\n<\/div><\/div><\/div><!-- close content main div --><\/div><\/div><div id='after_section_2'  class='main_color av_default_container_wrap container_wrap sidebar_right'  ><div class='container av-section-cont-open' ><div class='template-page content  av-content-small alpha units'><div class='post-entry post-entry-type-page post-entry-4726'><div class='entry-content-wrapper clearfix'>\n","protected":false},"excerpt":{"rendered":"","protected":false},"author":10,"featured_media":0,"parent":4681,"menu_order":0,"comment_status":"closed","ping_status":"closed","template":"","meta":{"footnotes":""},"class_list":["post-4726","page","type-page","status-publish","hentry"],"yoast_head":"<!-- This site is optimized with the Yoast SEO plugin v27.4 - https:\/\/yoast.com\/product\/yoast-seo-wordpress\/ -->\n<title>Flachschlauch rohren - SIPPEX: Fabricants de poches de perfusion<\/title>\n<meta name=\"robots\" content=\"index, follow, max-snippet:-1, max-image-preview:large, max-video-preview:-1\" \/>\n<link rel=\"canonical\" href=\"https:\/\/www.sippex.com\/de\/produkte\/flachschlauch-rohren\/\" \/>\n<meta property=\"og:locale\" content=\"de_DE\" \/>\n<meta property=\"og:type\" content=\"article\" \/>\n<meta property=\"og:title\" content=\"Flachschlauch rohren - SIPPEX: Fabricants de poches de perfusion\" \/>\n<meta property=\"og:url\" content=\"https:\/\/www.sippex.com\/de\/produkte\/flachschlauch-rohren\/\" \/>\n<meta property=\"og:site_name\" content=\"SIPPEX: Fabricants de poches de perfusion\" \/>\n<meta property=\"article:modified_time\" content=\"2017-10-03T08:42:28+00:00\" \/>\n<meta name=\"twitter:card\" content=\"summary_large_image\" \/>\n<meta name=\"twitter:label1\" content=\"Gesch\u00e4tzte Lesezeit\" \/>\n\t<meta name=\"twitter:data1\" content=\"6 Minuten\" \/>\n<script type=\"application\/ld+json\" class=\"yoast-schema-graph\">{\"@context\":\"https:\\\/\\\/schema.org\",\"@graph\":[{\"@type\":\"WebPage\",\"@id\":\"https:\\\/\\\/www.sippex.com\\\/de\\\/produkte\\\/flachschlauch-rohren\\\/\",\"url\":\"https:\\\/\\\/www.sippex.com\\\/de\\\/produkte\\\/flachschlauch-rohren\\\/\",\"name\":\"Flachschlauch rohren - SIPPEX: Fabricants de poches de perfusion\",\"isPartOf\":{\"@id\":\"https:\\\/\\\/www.sippex.com\\\/de\\\/#website\"},\"datePublished\":\"2017-07-21T09:41:10+00:00\",\"dateModified\":\"2017-10-03T08:42:28+00:00\",\"breadcrumb\":{\"@id\":\"https:\\\/\\\/www.sippex.com\\\/de\\\/produkte\\\/flachschlauch-rohren\\\/#breadcrumb\"},\"inLanguage\":\"de\",\"potentialAction\":[{\"@type\":\"ReadAction\",\"target\":[\"https:\\\/\\\/www.sippex.com\\\/de\\\/produkte\\\/flachschlauch-rohren\\\/\"]}]},{\"@type\":\"BreadcrumbList\",\"@id\":\"https:\\\/\\\/www.sippex.com\\\/de\\\/produkte\\\/flachschlauch-rohren\\\/#breadcrumb\",\"itemListElement\":[{\"@type\":\"ListItem\",\"position\":1,\"name\":\"Produkte\",\"item\":\"https:\\\/\\\/www.sippex.com\\\/de\\\/produkte\\\/\"},{\"@type\":\"ListItem\",\"position\":2,\"name\":\"Flachschlauch rohren\"}]},{\"@type\":\"WebSite\",\"@id\":\"https:\\\/\\\/www.sippex.com\\\/de\\\/#website\",\"url\":\"https:\\\/\\\/www.sippex.com\\\/de\\\/\",\"name\":\"SIPPEX: Fabricants de poches de perfusion\",\"description\":\"\",\"potentialAction\":[{\"@type\":\"SearchAction\",\"target\":{\"@type\":\"EntryPoint\",\"urlTemplate\":\"https:\\\/\\\/www.sippex.com\\\/de\\\/?s={search_term_string}\"},\"query-input\":{\"@type\":\"PropertyValueSpecification\",\"valueRequired\":true,\"valueName\":\"search_term_string\"}}],\"inLanguage\":\"de\"}]}<\/script>\n<!-- \/ Yoast SEO plugin. -->","yoast_head_json":{"title":"Flachschlauch rohren - SIPPEX: Fabricants de poches de perfusion","robots":{"index":"index","follow":"follow","max-snippet":"max-snippet:-1","max-image-preview":"max-image-preview:large","max-video-preview":"max-video-preview:-1"},"canonical":"https:\/\/www.sippex.com\/de\/produkte\/flachschlauch-rohren\/","og_locale":"de_DE","og_type":"article","og_title":"Flachschlauch rohren - SIPPEX: Fabricants de poches de perfusion","og_url":"https:\/\/www.sippex.com\/de\/produkte\/flachschlauch-rohren\/","og_site_name":"SIPPEX: Fabricants de poches de perfusion","article_modified_time":"2017-10-03T08:42:28+00:00","twitter_card":"summary_large_image","twitter_misc":{"Gesch\u00e4tzte Lesezeit":"6 Minuten"},"schema":{"@context":"https:\/\/schema.org","@graph":[{"@type":"WebPage","@id":"https:\/\/www.sippex.com\/de\/produkte\/flachschlauch-rohren\/","url":"https:\/\/www.sippex.com\/de\/produkte\/flachschlauch-rohren\/","name":"Flachschlauch rohren - SIPPEX: Fabricants de poches de perfusion","isPartOf":{"@id":"https:\/\/www.sippex.com\/de\/#website"},"datePublished":"2017-07-21T09:41:10+00:00","dateModified":"2017-10-03T08:42:28+00:00","breadcrumb":{"@id":"https:\/\/www.sippex.com\/de\/produkte\/flachschlauch-rohren\/#breadcrumb"},"inLanguage":"de","potentialAction":[{"@type":"ReadAction","target":["https:\/\/www.sippex.com\/de\/produkte\/flachschlauch-rohren\/"]}]},{"@type":"BreadcrumbList","@id":"https:\/\/www.sippex.com\/de\/produkte\/flachschlauch-rohren\/#breadcrumb","itemListElement":[{"@type":"ListItem","position":1,"name":"Produkte","item":"https:\/\/www.sippex.com\/de\/produkte\/"},{"@type":"ListItem","position":2,"name":"Flachschlauch rohren"}]},{"@type":"WebSite","@id":"https:\/\/www.sippex.com\/de\/#website","url":"https:\/\/www.sippex.com\/de\/","name":"SIPPEX: Fabricants de poches de perfusion","description":"","potentialAction":[{"@type":"SearchAction","target":{"@type":"EntryPoint","urlTemplate":"https:\/\/www.sippex.com\/de\/?s={search_term_string}"},"query-input":{"@type":"PropertyValueSpecification","valueRequired":true,"valueName":"search_term_string"}}],"inLanguage":"de"}]}},"_links":{"self":[{"href":"https:\/\/www.sippex.com\/de\/wp-json\/wp\/v2\/pages\/4726","targetHints":{"allow":["GET"]}}],"collection":[{"href":"https:\/\/www.sippex.com\/de\/wp-json\/wp\/v2\/pages"}],"about":[{"href":"https:\/\/www.sippex.com\/de\/wp-json\/wp\/v2\/types\/page"}],"author":[{"embeddable":true,"href":"https:\/\/www.sippex.com\/de\/wp-json\/wp\/v2\/users\/10"}],"replies":[{"embeddable":true,"href":"https:\/\/www.sippex.com\/de\/wp-json\/wp\/v2\/comments?post=4726"}],"version-history":[{"count":0,"href":"https:\/\/www.sippex.com\/de\/wp-json\/wp\/v2\/pages\/4726\/revisions"}],"up":[{"embeddable":true,"href":"https:\/\/www.sippex.com\/de\/wp-json\/wp\/v2\/pages\/4681"}],"wp:attachment":[{"href":"https:\/\/www.sippex.com\/de\/wp-json\/wp\/v2\/media?parent=4726"}],"curies":[{"name":"wp","href":"https:\/\/api.w.org\/{rel}","templated":true}]}}