{"id":4654,"date":"2017-07-15T12:16:45","date_gmt":"2017-07-15T10:16:45","guid":{"rendered":"http:\/\/www.sippex.com\/about-sippex\/our-company\/"},"modified":"2017-08-08T10:39:15","modified_gmt":"2017-08-08T08:39:15","slug":"notre-entreprise","status":"publish","type":"page","link":"https:\/\/www.sippex.com\/fr\/a-propos-de-sippex\/notre-entreprise\/","title":{"rendered":"Notre Entreprise"},"content":{"rendered":"<div id='full_slider_1'  class='avia-fullwidth-slider main_color avia-shadow   avia-builder-el-0  el_before_av_section  avia-builder-el-first   container_wrap sidebar_right'  ><div  class='avia-slideshow av-av_slideshow_full-32de997090c749a8c82b86d1ff824dd4 avia-slideshow-featured av_slideshow_full avia-slide-slider av-slideshow-ui av-control-default av-slideshow-manual av-loop-once av-loop-manual-endless av-default-height-applied   avia-slideshow-1' data-slideshow-options=\"{&quot;animation&quot;:&quot;slide&quot;,&quot;autoplay&quot;:false,&quot;loop_autoplay&quot;:&quot;once&quot;,&quot;interval&quot;:5,&quot;loop_manual&quot;:&quot;manual-endless&quot;,&quot;autoplay_stopper&quot;:false,&quot;noNavigation&quot;:false,&quot;bg_slider&quot;:false,&quot;keep_padding&quot;:false,&quot;hoverpause&quot;:false,&quot;show_slide_delay&quot;:0}\"  itemprop=\"image\" itemscope=\"itemscope\" itemtype=\"https:\/\/schema.org\/ImageObject\" ><ul class='avia-slideshow-inner ' style='padding-bottom: 28.666666666667%;'><li  class='avia-slideshow-slide av-av_slideshow_full-32de997090c749a8c82b86d1ff824dd4__0  av-single-slide slide-1 slide-odd'><div data-rel='slideshow-1' class='avia-slide-wrap '   ><img fetchpriority=\"high\" class=\"wp-image-4226 avia-img-lazy-loading-not-4226\"  src='https:\/\/www.sippex.com\/wp-content\/uploads\/2017\/07\/usine-sippex_01-1-1500x430.jpg' width='1500' height='430' title='usine-sippex_01' alt=''  itemprop=\"thumbnailUrl\"   \/><\/div><\/li><\/ul><\/div><\/div>\n\n<style type=\"text\/css\" data-created_by=\"avia_inline_auto\" id=\"style-css-av-av_section-1e3b8abf64e379ef55333ec8b61dd6f0\">\n.avia-section.av-av_section-1e3b8abf64e379ef55333ec8b61dd6f0{\nbackground-color:#e5e5e5;\nbackground-image:unset;\n}\n<\/style>\n<div id='av_section_1'  class='avia-section av-av_section-1e3b8abf64e379ef55333ec8b61dd6f0 main_color avia-section-default avia-no-border-styling  avia-builder-el-1  el_after_av_slideshow_full  el_before_av_submenu  avia-bg-style-scroll container_wrap sidebar_right'  ><div class='container av-section-cont-open' ><div class='template-page content  av-content-small alpha units'><div class='post-entry post-entry-type-page post-entry-4654'><div class='entry-content-wrapper clearfix'>\n\n<style type=\"text\/css\" data-created_by=\"avia_inline_auto\" id=\"style-css-av-av_heading-dbb7648232dc605aa2aed9cb701870ef\">\n#top .av-special-heading.av-av_heading-dbb7648232dc605aa2aed9cb701870ef{\npadding-bottom:10px;\nfont-size:30px;\n}\nbody .av-special-heading.av-av_heading-dbb7648232dc605aa2aed9cb701870ef .av-special-heading-tag .heading-char{\nfont-size:25px;\n}\n#top #wrap_all .av-special-heading.av-av_heading-dbb7648232dc605aa2aed9cb701870ef .av-special-heading-tag{\nfont-size:30px;\n}\n.av-special-heading.av-av_heading-dbb7648232dc605aa2aed9cb701870ef .av-subheading{\nfont-size:15px;\n}\n\n@media only screen and (min-width: 480px) and (max-width: 767px){ \n#top #wrap_all .av-special-heading.av-av_heading-dbb7648232dc605aa2aed9cb701870ef .av-special-heading-tag{\nfont-size:0.8em;\n}\n}\n\n@media only screen and (max-width: 479px){ \n#top #wrap_all .av-special-heading.av-av_heading-dbb7648232dc605aa2aed9cb701870ef .av-special-heading-tag{\nfont-size:0.8em;\n}\n}\n<\/style>\n<div  class='av-special-heading av-av_heading-dbb7648232dc605aa2aed9cb701870ef av-special-heading-h1 blockquote modern-quote modern-centered  avia-builder-el-2  avia-builder-el-no-sibling  av-inherit-size'><h1 class='av-special-heading-tag '  itemprop=\"headline\"  >NOTRE ENTREPRISE<\/h1><div class=\"special-heading-border\"><div class=\"special-heading-inner-border\"><\/div><\/div><\/div>\n\n<\/div><\/div><\/div><!-- close content main div --><\/div><\/div><div class='clear'><\/div><div id='sub_menu1'  class='av-submenu-container av-av_submenu-e5c23256f1ed6b061ab7cba4d25fc725 main_color av-switch-768  avia-builder-el-3  el_after_av_section  el_before_av_section  av-sticky-submenu submenu-not-first container_wrap sidebar_right' style='z-index:301' ><div class='container av-menu-mobile-active av-submenu-pos-center'><a href=\"#\" class=\"mobile_menu_toggle\"><span class='avia-svg-icon avia-font-svg_entypo-fontello' data-av_svg_icon='list' data-av_iconset='svg_entypo-fontello'><svg version=\"1.1\" xmlns=\"http:\/\/www.w3.org\/2000\/svg\" width=\"22\" height=\"32\" viewBox=\"0 0 22 32\" preserveAspectRatio=\"xMidYMid meet\" aria-labelledby='av-svg-title-1' aria-describedby='av-svg-desc-1' role=\"graphics-symbol\" aria-hidden=\"true\">\n<title id='av-svg-title-1'>List<\/title>\n<desc id='av-svg-desc-1'>List<\/desc>\n<path d=\"M3.2 20.8q0.64 0 1.12 0.48t0.48 1.12-0.48 1.12-1.12 0.48h-1.6q-0.64 0-1.12-0.48t-0.48-1.12 0.448-1.12 1.152-0.48h1.6zM3.2 14.4q0.64 0 1.12 0.48t0.48 1.12-0.48 1.12-1.12 0.48h-1.6q-0.64 0-1.12-0.48t-0.48-1.12 0.448-1.12 1.152-0.48h1.6zM3.2 8q0.64 0 1.12 0.48t0.48 1.12-0.48 1.12-1.12 0.48h-1.6q-0.64 0-1.12-0.48t-0.48-1.12 0.448-1.12 1.152-0.48h1.6zM9.6 11.2q-0.64 0-1.12-0.48t-0.48-1.12 0.48-1.12 1.12-0.48h11.2q0.704 0 1.152 0.48t0.448 1.12-0.48 1.12-1.12 0.48h-11.2zM20.8 14.4q0.704 0 1.152 0.48t0.448 1.12-0.48 1.12-1.12 0.48h-11.2q-0.64 0-1.12-0.48t-0.48-1.12 0.48-1.12 1.12-0.48h11.2zM20.8 20.8q0.704 0 1.152 0.48t0.448 1.12-0.48 1.12-1.12 0.48h-11.2q-0.64 0-1.12-0.48t-0.48-1.12 0.48-1.12 1.12-0.48h11.2z\"><\/path>\n<\/svg><\/span><span class=\"av-current-placeholder\">Menu<\/span><\/a><ul id='av-custom-submenu-1' class='av-subnav-menu' role='menu'>\n<li class='menu-item av-av_submenu_item-8abc4db2065b5740c917e0e3835f6dfe menu-item-top-level av-menu-button av-menu-button-bordered menu-item-top-level-1' role='menuitem'><a href='https:\/\/www.sippex.com\/fr\/a-propos-de-sippex\/notre-entreprise\/'  ><span class='avia-bullet'><\/span><span class='avia-menu-text'>Notre entreprise<\/span><\/a><\/li>\n<li class='menu-item av-av_submenu_item-9298b09c73bd23e60143280bff6940ed menu-item-top-level menu-item-top-level-2' role='menuitem'><a href='https:\/\/www.sippex.com\/fr\/a-propos-de-sippex\/notre-histoire\/'  ><span class='avia-bullet'><\/span><span class='avia-menu-text'>Notre histoire<\/span><\/a><\/li>\n<li class='menu-item av-av_submenu_item-702cf1b5875b3d1c9bb5c7db0344863e menu-item-top-level menu-item-top-level-3' role='menuitem'><a href='https:\/\/www.sippex.com\/fr\/a-propos-de-sippex\/sites-de-production\/'  ><span class='avia-bullet'><\/span><span class='avia-menu-text'>Sites de production<\/span><\/a><\/li>\n<li class='menu-item av-av_submenu_item-ca1af5ac077030d0cbecfe5c27529584 menu-item-top-level menu-item-top-level-4' role='menuitem'><a href='https:\/\/www.sippex.com\/fr\/a-propos-de-sippex\/nos-clients\/'  ><span class='avia-bullet'><\/span><span class='avia-menu-text'>Nos clients<\/span><\/a><\/li>\n<\/ul><\/div><\/div><div class='sticky_placeholder'><\/div>\n<div id='av_section_2'  class='avia-section av-av_section-bb9bdb22c7f9e6bf1d52c155825dc7f7 main_color avia-section-default avia-no-shadow  avia-builder-el-4  el_after_av_submenu  el_before_av_layout_row  avia-bg-style-scroll container_wrap sidebar_right'  ><div class='container av-section-cont-open' ><div class='template-page content  av-content-small alpha units'><div class='post-entry post-entry-type-page post-entry-4654'><div class='entry-content-wrapper clearfix'>\n\n<style type=\"text\/css\" data-created_by=\"avia_inline_auto\" id=\"style-css-av-av_one_third-6126cab7d8fab8d08143dd2dacdf673c\">\n.flex_column.av-av_one_third-6126cab7d8fab8d08143dd2dacdf673c{\nborder-radius:0px 0px 0px 0px;\npadding:0px 0px 0px 0px;\n}\n<\/style>\n<div  class='flex_column av-av_one_third-6126cab7d8fab8d08143dd2dacdf673c av_one_third  avia-builder-el-5  el_before_av_one_third  avia-builder-el-first  first flex_column_div av-zero-column-padding  '     ><section  class='av_textblock_section av-av_textblock-0366cc7376be6c9e82a3e9cc8987b64f '   itemscope=\"itemscope\" itemtype=\"https:\/\/schema.org\/CreativeWork\" ><div class='avia_textblock'  itemprop=\"text\" ><p><strong>SIPPEX<\/strong>\u00a0est sp\u00e9cialis\u00e9 dans le design et la fabrication de poches m\u00e9dicales et pharmaceutiques<i>.<\/i>\u00a0Notre ambition est d\u2019offrir une gamme de packaging innovants pour la perfusion, la dialyse, l\u2019irrigation, et diff\u00e9rentes applications industrielles.<\/p>\n<\/div><\/section><\/div>\n<style type=\"text\/css\" data-created_by=\"avia_inline_auto\" id=\"style-css-av-av_one_third-0aa7055fe62c3622faec82866afbaeb2\">\n.flex_column.av-av_one_third-0aa7055fe62c3622faec82866afbaeb2{\nborder-radius:0px 0px 0px 0px;\npadding:0px 0px 0px 0px;\n}\n<\/style>\n<div  class='flex_column av-av_one_third-0aa7055fe62c3622faec82866afbaeb2 av_one_third  avia-builder-el-7  el_after_av_one_third  el_before_av_one_third  flex_column_div av-zero-column-padding  '     ><section  class='av_textblock_section av-av_textblock-0366cc7376be6c9e82a3e9cc8987b64f '   itemscope=\"itemscope\" itemtype=\"https:\/\/schema.org\/CreativeWork\" ><div class='avia_textblock'  itemprop=\"text\" ><div class=\"span6\">\n<div class=\"inner-content\">\n<div class=\"column-text\">\n<p><strong>SIPPEX<\/strong>\u00a0dispose d\u2019\u00e9quipements hautement performants et capitalise une exp\u00e9rience de 30 ans dans la transformation des mati\u00e8res plastiques. La soci\u00e9t\u00e9 maitrise l\u2019ensemble des technologies mises en \u0153uvre dans le process de fabrication, des mati\u00e8res premi\u00e8res aux produits finis.<\/p>\n<\/div>\n<\/div>\n<\/div>\n<\/div><\/section><\/div>\n<style type=\"text\/css\" data-created_by=\"avia_inline_auto\" id=\"style-css-av-av_one_third-0aa7055fe62c3622faec82866afbaeb2\">\n.flex_column.av-av_one_third-0aa7055fe62c3622faec82866afbaeb2{\nborder-radius:0px 0px 0px 0px;\npadding:0px 0px 0px 0px;\n}\n<\/style>\n<div  class='flex_column av-av_one_third-0aa7055fe62c3622faec82866afbaeb2 av_one_third  avia-builder-el-9  el_after_av_one_third  el_before_av_hr  flex_column_div av-zero-column-padding  '     ><section  class='av_textblock_section av-av_textblock-0366cc7376be6c9e82a3e9cc8987b64f '   itemscope=\"itemscope\" itemtype=\"https:\/\/schema.org\/CreativeWork\" ><div class='avia_textblock'  itemprop=\"text\" ><div class=\"row-fluid bottom-padding-no notoppad\">\n<div class=\"span12\">\n<div class=\"inner-content\">\n<div class=\"row-fluid inner-row bottom-padding-yes \">\n<div class=\"span6\">\n<div class=\"inner-content\">\n<div class=\"column-text\"><strong>SIPPEX<\/strong>\u00a0est une soci\u00e9t\u00e9 internationale<i>\u00a0<\/i>qui compte aujourd\u2019hui 2 sites de production en France et en Chine. Cette strat\u00e9gie de d\u00e9veloppement globale<i>\u00a0<\/i>est un succ\u00e8s\u00a0: la soci\u00e9t\u00e9 compte aujourd\u2019hui des clients dans plus de 50 pays, sur les 5 continents.<\/div>\n<\/div>\n<\/div>\n<\/div>\n<\/div>\n<\/div>\n<\/div>\n<div class=\"image \" data-animation-delay=\"100\" data-animation-effect=\"\"><\/div>\n<\/div><\/section><\/div>\n<style type=\"text\/css\" data-created_by=\"avia_inline_auto\" id=\"style-css-av-av_hr-5ea7596238ed9f191e6b5e662093052f\">\n#top .hr.hr-invisible.av-av_hr-5ea7596238ed9f191e6b5e662093052f{\nheight:30px;\n}\n<\/style>\n<div  class='hr av-av_hr-5ea7596238ed9f191e6b5e662093052f hr-invisible  avia-builder-el-11  el_after_av_one_third  el_before_av_image '><span class='hr-inner '><span class=\"hr-inner-style\"><\/span><\/span><\/div>\n\n<style type=\"text\/css\" data-created_by=\"avia_inline_auto\" id=\"style-css-av-av_image-81a565d4e89268b1a3b55411e3bf464e\">\n.avia-image-container.av-av_image-81a565d4e89268b1a3b55411e3bf464e img.avia_image{\nbox-shadow:none;\n}\n.avia-image-container.av-av_image-81a565d4e89268b1a3b55411e3bf464e .av-image-caption-overlay-center{\ncolor:#ffffff;\n}\n<\/style>\n<div  class='avia-image-container av-av_image-81a565d4e89268b1a3b55411e3bf464e av-styling- avia-align-center  avia-builder-el-12  el_after_av_hr  avia-builder-el-last '   itemprop=\"image\" itemscope=\"itemscope\" itemtype=\"https:\/\/schema.org\/ImageObject\" ><div class=\"avia-image-container-inner\"><div class=\"avia-image-overlay-wrap\"><img fetchpriority=\"high\" class='wp-image-4233 avia-img-lazy-loading-not-4233 avia_image ' src='https:\/\/www.sippex.com\/wp-content\/uploads\/2017\/07\/SIPPEX-in-the_world-map.jpg' alt='' title='SIPPEX-in-the_world-map'  height=\"322\" width=\"600\"  itemprop=\"thumbnailUrl\"  \/><\/div><\/div><\/div>\n<\/div><\/div><\/div><!-- close content main div --><\/div><\/div><div id='av-layout-grid-1'  class='av-layout-grid-container av-av_layout_row-947170e8a71d7bd6c4598805eb13bb71 entry-content-wrapper main_color av-border-top-bottom av-border-cells av-flex-cells  avia-builder-el-13  el_after_av_section  avia-builder-el-last  grid-row-not-first  container_wrap sidebar_right'  >\n\n<style type=\"text\/css\" data-created_by=\"avia_inline_auto\" id=\"style-css-av-av_cell_one_half-6174ba4eadcd14dce28726870f4b34fc\">\n.flex_cell.av-av_cell_one_half-6174ba4eadcd14dce28726870f4b34fc{\nvertical-align:middle;\nbackground:url(https:\/\/www.sippex.com\/wp-content\/uploads\/2017\/07\/Sippex-online-borchure.jpg) 50% 50% no-repeat scroll ;\n}\n.responsive #top #wrap_all .flex_cell.av-av_cell_one_half-6174ba4eadcd14dce28726870f4b34fc{\npadding:30px 30px 30px 30px !important;\n}\n<\/style>\n<div class='flex_cell av-av_cell_one_half-6174ba4eadcd14dce28726870f4b34fc av-gridrow-cell av_one_half no_margin  avia-builder-el-14  el_before_av_cell_one_half  avia-builder-el-first  content-align-middle avia-full-contain'  ><div class='flex_cell_inner'><div  class='avia-button-wrap av-av_button-cebf4f86e871990dcda94dfd480399a8-wrap avia-button-center  avia-builder-el-15  avia-builder-el-no-sibling '><a href='http:\/\/www.sippex.com\/wp-content\/uploads\/2017\/07\/SIPPEX-brochure-web.pdf'  class='avia-button av-av_button-cebf4f86e871990dcda94dfd480399a8 av-link-btn avia-icon_select-yes-left-icon avia-size-small avia-position-center avia-color-theme-color'  target=\"_blank\"  rel=\"noopener noreferrer\"  aria-label=\"Voir la brochure en ligne\"><span class='avia_button_icon avia_button_icon_left avia-iconfont avia-font-entypo-fontello' data-av_icon='\ue803' data-av_iconfont='entypo-fontello' ><\/span><span class='avia_iconbox_title' >Voir la brochure en ligne<\/span><\/a><\/div>\n<\/div><\/div>\n<style type=\"text\/css\" data-created_by=\"avia_inline_auto\" id=\"style-css-av-av_cell_one_half-182a691fd451663440978c35a17131dc\">\n.flex_cell.av-av_cell_one_half-182a691fd451663440978c35a17131dc{\nvertical-align:middle;\nbackground-color:#e1e1e1;\n}\n<\/style>\n<div class='flex_cell av-av_cell_one_half-182a691fd451663440978c35a17131dc av-gridrow-cell av_one_half no_margin  avia-builder-el-16  el_after_av_cell_one_half  avia-builder-el-last  content-align-middle avia-full-stretch'  ><div class='flex_cell_inner'>\n<style type=\"text\/css\" data-created_by=\"avia_inline_auto\" id=\"style-css-av-av_image-c41f6629ef58f5fe8c7d213b3e6e36a6\">\n.avia-image-container.av-av_image-c41f6629ef58f5fe8c7d213b3e6e36a6 img.avia_image{\nbox-shadow:none;\n}\n.avia-image-container.av-av_image-c41f6629ef58f5fe8c7d213b3e6e36a6 .av-image-caption-overlay-center{\ncolor:#ffffff;\n}\n<\/style>\n<div  class='avia-image-container av-av_image-c41f6629ef58f5fe8c7d213b3e6e36a6 av-styling- av-img-linked avia-align-center  avia-builder-el-17  avia-builder-el-no-sibling '   itemprop=\"image\" itemscope=\"itemscope\" itemtype=\"https:\/\/schema.org\/ImageObject\" ><div class=\"avia-image-container-inner\"><div class=\"avia-image-overlay-wrap\"><a href=\"https:\/\/vimeo.com\/99245726\" class='avia_image '  aria-label='Video-Sippex-IV-bags-2'><img fetchpriority=\"high\" class='wp-image-4114 avia-img-lazy-loading-not-4114 avia_image ' src='https:\/\/www.sippex.com\/wp-content\/uploads\/2017\/06\/Video-Sippex-IV-bags-2-1030x580.png' alt='' title='Video-Sippex-IV-bags-2'  height=\"580\" width=\"1030\"  itemprop=\"thumbnailUrl\"  \/><\/a><\/div><\/div><\/div>\n<\/div><\/div><\/div><\/p>\n","protected":false},"excerpt":{"rendered":"","protected":false},"author":10,"featured_media":0,"parent":4644,"menu_order":0,"comment_status":"closed","ping_status":"closed","template":"","meta":{"footnotes":""},"class_list":["post-4654","page","type-page","status-publish","hentry"],"yoast_head":"<!-- This site is optimized with the Yoast SEO plugin v27.5 - https:\/\/yoast.com\/product\/yoast-seo-wordpress\/ -->\n<title>Notre Entreprise - SIPPEX: Fabricants de poches de perfusion<\/title>\n<meta name=\"robots\" content=\"index, follow, max-snippet:-1, max-image-preview:large, max-video-preview:-1\" \/>\n<link rel=\"canonical\" href=\"https:\/\/www.sippex.com\/fr\/a-propos-de-sippex\/notre-entreprise\/\" \/>\n<meta property=\"og:locale\" content=\"fr_FR\" \/>\n<meta property=\"og:type\" content=\"article\" \/>\n<meta property=\"og:title\" content=\"Notre Entreprise - SIPPEX: Fabricants de poches de perfusion\" \/>\n<meta property=\"og:url\" content=\"https:\/\/www.sippex.com\/fr\/a-propos-de-sippex\/notre-entreprise\/\" \/>\n<meta property=\"og:site_name\" content=\"SIPPEX: Fabricants de poches de perfusion\" \/>\n<meta property=\"article:modified_time\" content=\"2017-08-08T08:39:15+00:00\" \/>\n<meta name=\"twitter:card\" content=\"summary_large_image\" \/>\n<meta name=\"twitter:label1\" content=\"Dur\u00e9e de lecture estim\u00e9e\" \/>\n\t<meta name=\"twitter:data1\" content=\"5 minute\" \/>\n<script type=\"application\/ld+json\" class=\"yoast-schema-graph\">{\"@context\":\"https:\\\/\\\/schema.org\",\"@graph\":[{\"@type\":\"WebPage\",\"@id\":\"https:\\\/\\\/www.sippex.com\\\/fr\\\/a-propos-de-sippex\\\/notre-entreprise\\\/\",\"url\":\"https:\\\/\\\/www.sippex.com\\\/fr\\\/a-propos-de-sippex\\\/notre-entreprise\\\/\",\"name\":\"Notre Entreprise - SIPPEX: Fabricants de poches de perfusion\",\"isPartOf\":{\"@id\":\"https:\\\/\\\/www.sippex.com\\\/fr\\\/#website\"},\"datePublished\":\"2017-07-15T10:16:45+00:00\",\"dateModified\":\"2017-08-08T08:39:15+00:00\",\"breadcrumb\":{\"@id\":\"https:\\\/\\\/www.sippex.com\\\/fr\\\/a-propos-de-sippex\\\/notre-entreprise\\\/#breadcrumb\"},\"inLanguage\":\"fr-FR\",\"potentialAction\":[{\"@type\":\"ReadAction\",\"target\":[\"https:\\\/\\\/www.sippex.com\\\/fr\\\/a-propos-de-sippex\\\/notre-entreprise\\\/\"]}]},{\"@type\":\"BreadcrumbList\",\"@id\":\"https:\\\/\\\/www.sippex.com\\\/fr\\\/a-propos-de-sippex\\\/notre-entreprise\\\/#breadcrumb\",\"itemListElement\":[{\"@type\":\"ListItem\",\"position\":1,\"name\":\"A propos de Sippex\",\"item\":\"https:\\\/\\\/www.sippex.com\\\/fr\\\/a-propos-de-sippex\\\/\"},{\"@type\":\"ListItem\",\"position\":2,\"name\":\"Notre Entreprise\"}]},{\"@type\":\"WebSite\",\"@id\":\"https:\\\/\\\/www.sippex.com\\\/fr\\\/#website\",\"url\":\"https:\\\/\\\/www.sippex.com\\\/fr\\\/\",\"name\":\"SIPPEX: Fabricants de poches de perfusion\",\"description\":\"\",\"potentialAction\":[{\"@type\":\"SearchAction\",\"target\":{\"@type\":\"EntryPoint\",\"urlTemplate\":\"https:\\\/\\\/www.sippex.com\\\/fr\\\/?s={search_term_string}\"},\"query-input\":{\"@type\":\"PropertyValueSpecification\",\"valueRequired\":true,\"valueName\":\"search_term_string\"}}],\"inLanguage\":\"fr-FR\"}]}<\/script>\n<!-- \/ Yoast SEO plugin. -->","yoast_head_json":{"title":"Notre Entreprise - SIPPEX: Fabricants de poches de perfusion","robots":{"index":"index","follow":"follow","max-snippet":"max-snippet:-1","max-image-preview":"max-image-preview:large","max-video-preview":"max-video-preview:-1"},"canonical":"https:\/\/www.sippex.com\/fr\/a-propos-de-sippex\/notre-entreprise\/","og_locale":"fr_FR","og_type":"article","og_title":"Notre Entreprise - SIPPEX: Fabricants de poches de perfusion","og_url":"https:\/\/www.sippex.com\/fr\/a-propos-de-sippex\/notre-entreprise\/","og_site_name":"SIPPEX: Fabricants de poches de perfusion","article_modified_time":"2017-08-08T08:39:15+00:00","twitter_card":"summary_large_image","twitter_misc":{"Dur\u00e9e de lecture estim\u00e9e":"5 minute"},"schema":{"@context":"https:\/\/schema.org","@graph":[{"@type":"WebPage","@id":"https:\/\/www.sippex.com\/fr\/a-propos-de-sippex\/notre-entreprise\/","url":"https:\/\/www.sippex.com\/fr\/a-propos-de-sippex\/notre-entreprise\/","name":"Notre Entreprise - SIPPEX: Fabricants de poches de perfusion","isPartOf":{"@id":"https:\/\/www.sippex.com\/fr\/#website"},"datePublished":"2017-07-15T10:16:45+00:00","dateModified":"2017-08-08T08:39:15+00:00","breadcrumb":{"@id":"https:\/\/www.sippex.com\/fr\/a-propos-de-sippex\/notre-entreprise\/#breadcrumb"},"inLanguage":"fr-FR","potentialAction":[{"@type":"ReadAction","target":["https:\/\/www.sippex.com\/fr\/a-propos-de-sippex\/notre-entreprise\/"]}]},{"@type":"BreadcrumbList","@id":"https:\/\/www.sippex.com\/fr\/a-propos-de-sippex\/notre-entreprise\/#breadcrumb","itemListElement":[{"@type":"ListItem","position":1,"name":"A propos de Sippex","item":"https:\/\/www.sippex.com\/fr\/a-propos-de-sippex\/"},{"@type":"ListItem","position":2,"name":"Notre Entreprise"}]},{"@type":"WebSite","@id":"https:\/\/www.sippex.com\/fr\/#website","url":"https:\/\/www.sippex.com\/fr\/","name":"SIPPEX: Fabricants de poches de perfusion","description":"","potentialAction":[{"@type":"SearchAction","target":{"@type":"EntryPoint","urlTemplate":"https:\/\/www.sippex.com\/fr\/?s={search_term_string}"},"query-input":{"@type":"PropertyValueSpecification","valueRequired":true,"valueName":"search_term_string"}}],"inLanguage":"fr-FR"}]}},"_links":{"self":[{"href":"https:\/\/www.sippex.com\/fr\/wp-json\/wp\/v2\/pages\/4654","targetHints":{"allow":["GET"]}}],"collection":[{"href":"https:\/\/www.sippex.com\/fr\/wp-json\/wp\/v2\/pages"}],"about":[{"href":"https:\/\/www.sippex.com\/fr\/wp-json\/wp\/v2\/types\/page"}],"author":[{"embeddable":true,"href":"https:\/\/www.sippex.com\/fr\/wp-json\/wp\/v2\/users\/10"}],"replies":[{"embeddable":true,"href":"https:\/\/www.sippex.com\/fr\/wp-json\/wp\/v2\/comments?post=4654"}],"version-history":[{"count":0,"href":"https:\/\/www.sippex.com\/fr\/wp-json\/wp\/v2\/pages\/4654\/revisions"}],"up":[{"embeddable":true,"href":"https:\/\/www.sippex.com\/fr\/wp-json\/wp\/v2\/pages\/4644"}],"wp:attachment":[{"href":"https:\/\/www.sippex.com\/fr\/wp-json\/wp\/v2\/media?parent=4654"}],"curies":[{"name":"wp","href":"https:\/\/api.w.org\/{rel}","templated":true}]}}